{"id":13,"date":"2023-09-17T06:17:48","date_gmt":"2023-09-17T04:17:48","guid":{"rendered":"https:\/\/gfleuryphotographie.com\/?page_id=13"},"modified":"2024-06-24T22:13:44","modified_gmt":"2024-06-24T20:13:44","slug":"evenementiel","status":"publish","type":"page","link":"https:\/\/gfleuryphotographie.com\/index.php\/evenementiel\/","title":{"rendered":"Ev\u00e8nementiel"},"content":{"rendered":"<p>[et_pb_section fb_built=&#8221;1&#8243; admin_label=&#8221;section&#8221; _builder_version=&#8221;4.22.2&#8243; animation_style=&#8221;slide&#8221; animation_direction=&#8221;top&#8221; animation_duration=&#8221;1100ms&#8221; animation_intensity_slide=&#8221;20%&#8221; hover_enabled=&#8221;0&#8243; locked=&#8221;off&#8221; global_colors_info=&#8221;{}&#8221; sticky_enabled=&#8221;0&#8243; animation_starting_opacity=&#8221;10%&#8221;][et_pb_row admin_label=&#8221;Sous titre&#8221; _builder_version=&#8221;4.22.2&#8243; _module_preset=&#8221;default&#8221; custom_padding=&#8221;23px||||false|false&#8221; animation_direction=&#8221;top&#8221; hover_enabled=&#8221;0&#8243; locked=&#8221;off&#8221; global_colors_info=&#8221;{}&#8221; sticky_enabled=&#8221;0&#8243;][et_pb_column type=&#8221;4_4&#8243; _builder_version=&#8221;4.22.2&#8243; _module_preset=&#8221;default&#8221; global_colors_info=&#8221;{}&#8221;][et_pb_text _builder_version=&#8221;4.22.2&#8243; _module_preset=&#8221;default&#8221; text_font=&#8221;|600|||||||&#8221; header_font=&#8221;||||||||&#8221; header_text_color=&#8221;#000000&#8243; header_2_text_color=&#8221;#000000&#8243; header_3_text_color=&#8221;#000000&#8243; header_4_text_color=&#8221;#000000&#8243; text_orientation=&#8221;center&#8221; custom_margin=&#8221;-4px||-30px||false|false&#8221; hover_enabled=&#8221;0&#8243; header_2_font_tablet=&#8221;&#8221; header_2_font_phone=&#8221;||||||||&#8221; header_2_font_last_edited=&#8221;on|phone&#8221; global_colors_info=&#8221;{}&#8221; admin_label=&#8221;Text&#8221; sticky_enabled=&#8221;0&#8243;]<\/p>\n<p>\u200b<span style=\"font-size: var(--wp--preset--font-size--medium);\">Il y a du beau dans chaque \u00e9v\u00e8nement.<\/span><\/p>\n<p>[\/et_pb_text][\/et_pb_column][\/et_pb_row][et_pb_row admin_label=&#8221;Paragraphe&#8221; _builder_version=&#8221;4.22.2&#8243; _module_preset=&#8221;default&#8221; animation_direction=&#8221;top&#8221; hover_enabled=&#8221;0&#8243; global_colors_info=&#8221;{}&#8221; sticky_enabled=&#8221;0&#8243;][et_pb_column type=&#8221;4_4&#8243; _builder_version=&#8221;4.22.2&#8243; _module_preset=&#8221;default&#8221; global_colors_info=&#8221;{}&#8221;][et_pb_text _builder_version=&#8221;4.22.2&#8243; _module_preset=&#8221;default&#8221; hover_enabled=&#8221;0&#8243; global_colors_info=&#8221;{}&#8221; sticky_enabled=&#8221;0&#8243;]<\/p>\n<p style=\"text-align: justify;\">Que ce soit pour un festival, concert, mariage, une pi\u00e8ce de th\u00e9\u00e2tre ou encore une remise de dipl\u00f4me, il y a du beau partout. J&#8217;aime me rendre invisible, me fondre dans l&#8217;environnement, naviguer au milieu de vous et tenter de capturer le meilleur de ce qui \u00e9mane de chaque \u00e9v\u00e8nement.<\/p>\n<p>[\/et_pb_text][et_pb_divider color=&#8221;rgba(10,10,10,0.51)&#8221; divider_weight=&#8221;0.5px&#8221; _builder_version=&#8221;4.22.2&#8243; _module_preset=&#8221;default&#8221; width=&#8221;88%&#8221; module_alignment=&#8221;center&#8221; custom_margin=&#8221;35px||||false|false&#8221; custom_padding=&#8221;||0px||false|false&#8221; animation_direction=&#8221;top&#8221; hover_enabled=&#8221;0&#8243; global_colors_info=&#8221;{}&#8221; sticky_enabled=&#8221;0&#8243;][\/et_pb_divider][\/et_pb_column][\/et_pb_row][\/et_pb_section][et_pb_section fb_built=&#8221;1&#8243; _builder_version=&#8221;4.22.2&#8243; _module_preset=&#8221;default&#8221; min_height=&#8221;534px&#8221; hover_enabled=&#8221;0&#8243; global_colors_info=&#8221;{}&#8221; sticky_enabled=&#8221;0&#8243; custom_padding=&#8221;1px||||false|false&#8221;][et_pb_row column_structure=&#8221;1_3,1_3,1_3&#8243; _builder_version=&#8221;4.22.2&#8243; _module_preset=&#8221;default&#8221; width=&#8221;90%&#8221; max_width=&#8221;2139px&#8221; custom_margin=&#8221;|auto||75px|false|false&#8221; animation_style=&#8221;fade&#8221; animation_duration=&#8221;1600ms&#8221; hover_enabled=&#8221;0&#8243; global_colors_info=&#8221;{}&#8221; sticky_enabled=&#8221;0&#8243; custom_padding=&#8221;||||false|false&#8221;][et_pb_column type=&#8221;1_3&#8243; _builder_version=&#8221;4.22.2&#8243; _module_preset=&#8221;default&#8221; global_colors_info=&#8221;{}&#8221;][et_pb_image src=&#8221;https:\/\/gfleuryphotographie.com\/wp-content\/uploads\/2023\/09\/VDB-241-scaled.jpg&#8221; title_text=&#8221;VDB-241&#8243; url=&#8221;https:\/\/gfleuryphotographie.com\/index.php\/festival\/&#8221; _builder_version=&#8221;4.22.2&#8243; _module_preset=&#8221;default&#8221; background_color=&#8221;rgba(0,0,0,0.26)&#8221; hover_enabled=&#8221;0&#8243; custom_css_after=&#8221;content: %22Festivals%22;||position:absolute;||top:50%;||left:50%;||transform: translate(-50%, -50%);||\/*font-family: &#8216;Arial&#8217;;*\/||font-size: 30px;||font-weight: 300;||text-align:center;||color:#fff;||width:80%;||padding: 26.5px;||\/*opacity: 0.8;*\/||transition-duration: .75s;||pointer-events: none;||letter-spacing: 9px;||\/*background: #333;*\/&#8221; global_colors_info=&#8221;{}&#8221; background__hover_enabled=&#8221;on|desktop&#8221; background_color__hover=&#8221;rgba(221,221,221,0)&#8221; background_enable_color__hover=&#8221;on&#8221; src__hover_enabled=&#8221;on|hover&#8221; src__hover=&#8221;https:\/\/gfleuryphotographie.com\/wp-content\/uploads\/2023\/09\/VDB-241-scaled.jpg&#8221; custom_css_after__hover_enabled=&#8221;on|desktop&#8221; custom_css_after__hover=&#8221;opacity:1;&#8221; border_radii__hover_enabled=&#8221;on|hover&#8221; border_radii__hover=&#8221;on||||&#8221; sticky_enabled=&#8221;0&#8243;][\/et_pb_image][\/et_pb_column][et_pb_column type=&#8221;1_3&#8243; _builder_version=&#8221;4.22.2&#8243; _module_preset=&#8221;default&#8221; global_colors_info=&#8221;{}&#8221;][et_pb_image src=&#8221;https:\/\/gfleuryphotographie.com\/wp-content\/uploads\/2023\/11\/20221216-222523-scaled.jpg&#8221; title_text=&#8221;20221216-222523&#8243; url=&#8221;https:\/\/gfleuryphotographie.com\/index.php\/sur-scene\/&#8221; _builder_version=&#8221;4.22.2&#8243; _module_preset=&#8221;default&#8221; background_color=&#8221;rgba(0,0,0,0.26)&#8221; custom_css_after=&#8221;content: %22Sur sc\u00e8ne%22;||position:absolute;||top:50%;||left:50%;||transform: translate(-50%, -50%);||\/*font-family: &#8216;Arial&#8217;;*\/||font-size: 30px;||font-weight: 300;||text-align:center;||color:#fff;||width:80%;||padding: 26.5px;||\/*opacity: 0.8;*\/||transition-duration: .75s;||pointer-events: none;||letter-spacing: 9px;||\/*background: #333;*\/&#8221; global_colors_info=&#8221;{}&#8221; background_color__hover=&#8221;rgba(221,221,221,0)&#8221; background_enable_color__hover=&#8221;on&#8221; background__hover_enabled=&#8221;on|desktop&#8221; custom_css_after__hover=&#8221;opacity:1;&#8221; custom_css_after__hover_enabled=&#8221;on|desktop&#8221; border_radii__hover_enabled=&#8221;on|hover&#8221; border_radii__hover=&#8221;on||||&#8221;][\/et_pb_image][\/et_pb_column][et_pb_column type=&#8221;1_3&#8243; _builder_version=&#8221;4.22.2&#8243; _module_preset=&#8221;default&#8221; global_colors_info=&#8221;{}&#8221;][et_pb_image src=&#8221;https:\/\/gfleuryphotographie.com\/wp-content\/uploads\/2023\/11\/DSC9701-scaled.jpg&#8221; title_text=&#8221;_DSC9701&#8243; url=&#8221;https:\/\/gfleuryphotographie.com\/index.php\/vos-evenements\/&#8221; module_class=&#8221;contentclass&#8221; _builder_version=&#8221;4.22.2&#8243; _module_preset=&#8221;default&#8221; background_color=&#8221;rgba(0,0,0,0.26)&#8221; custom_css_before=&#8221;\/*||content:%22Vos %22;|| white-space:pre;||position:absolute;||top:40%;||left:50%;||transform: translate(-50%, -50%);||\/*font-family: &#8216;Arial&#8217;;*\/||\/*||font-size: 25px;||font-weight: 300;||text-align:center;||color:#fff;||width:100%;||padding: 26.5px;||\/*opacity: 0.8;*\/||\/*||transition-duration: .75s;||pointer-events: none;||letter-spacing: 9px;||*\/&#8221; custom_css_after=&#8221;content: %22Vos \u00e9v\u00e8nements%22;||white-space:nowrap;||position:absolute;||top:50%;||left:50%;||transform: translate(-50%, -50%);||\/*font-family: &#8216;Arial&#8217;;*\/||font-size: 30px;||font-weight: 300;||text-align:center;||color:#fff;||width:100%;||padding: 26.5px;||\/*opacity: 0.8;*\/||transition-duration: .75s;||pointer-events: none;||letter-spacing: 9px;||\/*background: #333;*\/&#8221; global_colors_info=&#8221;{}&#8221; background_color__hover=&#8221;rgba(221,221,221,0)&#8221; background__hover_enabled=&#8221;on|desktop&#8221; custom_css_after__hover=&#8221;opacity:1;&#8221; custom_css_after__hover_enabled=&#8221;on|desktop&#8221; background_enable_color__hover=&#8221;on&#8221; border_radii__hover_enabled=&#8221;on|hover&#8221; border_radii__hover=&#8221;on||||&#8221;][\/et_pb_image][\/et_pb_column][\/et_pb_row][\/et_pb_section]<\/p>\n","protected":false},"excerpt":{"rendered":"<p>\u200bIl y a du beau dans chaque \u00e9v\u00e8nement.Que ce soit pour un festival, concert, mariage, une pi\u00e8ce de th\u00e9\u00e2tre ou encore une remise de dipl\u00f4me, il y a du beau partout. J&#8217;aime me rendre invisible, me fondre dans l&#8217;environnement, naviguer au milieu de vous et tenter de capturer le meilleur de ce qui \u00e9mane de [&hellip;]<\/p>\n","protected":false},"author":1,"featured_media":0,"parent":0,"menu_order":0,"comment_status":"closed","ping_status":"closed","template":"","meta":{"_et_pb_use_builder":"on","_et_pb_old_content":"<!-- wp:kadence\/rowlayout {\"uniqueID\":\"13_fff3ab-8c\",\"columns\":3,\"colLayout\":\"equal\",\"kbVersion\":2} -->\n<!-- wp:kadence\/column {\"borderWidth\":[\"\",\"\",\"\",\"\"],\"uniqueID\":\"13_caf79c-eb\",\"borderStyle\":[{\"top\":[\"\",\"\",\"\"],\"right\":[\"\",\"\",\"\"],\"bottom\":[\"\",\"\",\"\"],\"left\":[\"\",\"\",\"\"],\"unit\":\"px\"}]} -->\n<div class=\"wp-block-kadence-column kadence-column13_caf79c-eb\"><div class=\"kt-inside-inner-col\"><!-- wp:cover {\"url\":\"https:\/\/gfleuryphotographie.com\/wp-content\/uploads\/2023\/09\/VDB-202-1024x684.jpg\",\"id\":197,\"dimRatio\":50,\"style\":{\"color\":{}}} -->\n<div class=\"wp-block-cover\"><span aria-hidden=\"true\" class=\"wp-block-cover__background has-background-dim\"><\/span><img class=\"wp-block-cover__image-background wp-image-197\" alt=\"\" src=\"https:\/\/gfleuryphotographie.com\/wp-content\/uploads\/2023\/09\/VDB-202-1024x684.jpg\" data-object-fit=\"cover\"\/><div class=\"wp-block-cover__inner-container\"><!-- wp:paragraph {\"align\":\"center\",\"placeholder\":\"R\u00e9digez le titre\u2026\",\"textColor\":\"theme-palette9\",\"fontSize\":\"large\"} -->\n<p class=\"has-text-align-center has-theme-palette-9-color has-text-color has-large-font-size\"><a href=\"https:\/\/gfleuryphotographie.com\/index.php\/vos-evenements\/\">Vos \u00e9v\u00e8nements<\/a><\/p>\n<!-- \/wp:paragraph --><\/div><\/div>\n<!-- \/wp:cover --><\/div><\/div>\n<!-- \/wp:kadence\/column -->\n\n<!-- wp:kadence\/column {\"id\":2,\"borderWidth\":[\"\",\"\",\"\",\"\"],\"uniqueID\":\"13_861ea5-e7\"} -->\n<div class=\"wp-block-kadence-column kadence-column13_861ea5-e7\"><div class=\"kt-inside-inner-col\"><!-- wp:kadence\/image {\"id\":200,\"sizeSlug\":\"large\",\"link\":\"https:\/\/gfleuryphotographie.com\/index.php\/festival\/\",\"linkDestination\":\"custom\",\"linkTitle\":\"Vos \u00e9v\u00e8nements\",\"uniqueID\":\"13_a02252-27\",\"captionStyles\":[{\"size\":[\"\",\"\",\"\"],\"sizeType\":\"px\",\"lineHeight\":[\"\",\"\",\"\"],\"lineType\":\"px\",\"letterSpacing\":\"\",\"textTransform\":\"\",\"family\":\"\",\"google\":false,\"style\":\"\",\"weight\":\"\",\"variant\":\"\",\"subset\":\"\",\"loadGoogle\":true,\"color\":\"palette3\",\"background\":\"\"}],\"overlayOpacity\":0.45,\"className\":\"fleury\"} -->\n<figure class=\"wp-block-kadence-image kb-image13_a02252-27 size-large fleury\"><a href=\"https:\/\/gfleuryphotographie.com\/index.php\/festival\/\" class=\"kb-advanced-image-link\" aria-label=\"Vos \u00e9v\u00e8nements\"><img src=\"https:\/\/gfleuryphotographie.com\/wp-content\/uploads\/2023\/09\/VDB-234-1024x684.jpg\" alt=\"\" class=\"kb-img wp-image-200\" title=\"Vos \u00e9v\u00e8nements\"\/><\/a><figcaption>Festivals<\/figcaption><\/figure>\n<!-- \/wp:kadence\/image --><\/div><\/div>\n<!-- \/wp:kadence\/column -->\n\n<!-- wp:kadence\/column {\"id\":3,\"borderWidth\":[\"\",\"\",\"\",\"\"],\"uniqueID\":\"13_83ddb9-1f\",\"borderStyle\":[{\"top\":[\"\",\"\",\"\"],\"right\":[\"\",\"\",\"\"],\"bottom\":[\"\",\"\",\"\"],\"left\":[\"\",\"\",\"\"],\"unit\":\"px\"}]} -->\n<div class=\"wp-block-kadence-column kadence-column13_83ddb9-1f\"><div class=\"kt-inside-inner-col\"><\/div><\/div>\n<!-- \/wp:kadence\/column -->\n<!-- \/wp:kadence\/rowlayout -->","_et_gb_content_width":"","footnotes":""},"class_list":["post-13","page","type-page","status-publish","hentry"],"_links":{"self":[{"href":"https:\/\/gfleuryphotographie.com\/index.php\/wp-json\/wp\/v2\/pages\/13","targetHints":{"allow":["GET"]}}],"collection":[{"href":"https:\/\/gfleuryphotographie.com\/index.php\/wp-json\/wp\/v2\/pages"}],"about":[{"href":"https:\/\/gfleuryphotographie.com\/index.php\/wp-json\/wp\/v2\/types\/page"}],"author":[{"embeddable":true,"href":"https:\/\/gfleuryphotographie.com\/index.php\/wp-json\/wp\/v2\/users\/1"}],"replies":[{"embeddable":true,"href":"https:\/\/gfleuryphotographie.com\/index.php\/wp-json\/wp\/v2\/comments?post=13"}],"version-history":[{"count":83,"href":"https:\/\/gfleuryphotographie.com\/index.php\/wp-json\/wp\/v2\/pages\/13\/revisions"}],"predecessor-version":[{"id":3318,"href":"https:\/\/gfleuryphotographie.com\/index.php\/wp-json\/wp\/v2\/pages\/13\/revisions\/3318"}],"wp:attachment":[{"href":"https:\/\/gfleuryphotographie.com\/index.php\/wp-json\/wp\/v2\/media?parent=13"}],"curies":[{"name":"wp","href":"https:\/\/api.w.org\/{rel}","templated":true}]}}