{"id":17,"date":"2023-09-17T06:18:58","date_gmt":"2023-09-17T04:18:58","guid":{"rendered":"https:\/\/gfleuryphotographie.com\/?page_id=17"},"modified":"2024-06-09T21:22:38","modified_gmt":"2024-06-09T19:22:38","slug":"contact","status":"publish","type":"page","link":"https:\/\/gfleuryphotographie.com\/index.php\/contact\/","title":{"rendered":"Contact"},"content":{"rendered":"<p>[et_pb_section fb_built=&#8221;1&#8243; custom_padding_last_edited=&#8221;on|phone&#8221; admin_label=&#8221;Header &#038; Contact Info&#8221; _builder_version=&#8221;4.22.2&#8243; _module_preset=&#8221;default&#8221; custom_padding=&#8221;3px|||||&#8221; custom_padding_tablet=&#8221;50px|||||&#8221; custom_padding_phone=&#8221;0px||||false|false&#8221; animation_style=&#8221;fade&#8221; hover_enabled=&#8221;0&#8243; locked=&#8221;off&#8221; collapsed=&#8221;off&#8221; global_colors_info=&#8221;{}&#8221; sticky_enabled=&#8221;0&#8243;][et_pb_row _builder_version=&#8221;4.22.2&#8243; _module_preset=&#8221;default&#8221; max_width=&#8221;1562px&#8221; custom_margin=&#8221;auto|auto|auto|auto|false|false&#8221; custom_margin_tablet=&#8221;||||false|false&#8221; custom_margin_phone=&#8221;-28px||||false|false&#8221; custom_margin_last_edited=&#8221;on|phone&#8221; custom_padding=&#8221;||0px||false|false&#8221; global_colors_info=&#8221;{}&#8221;][et_pb_column type=&#8221;4_4&#8243; _builder_version=&#8221;4.22.2&#8243; _module_preset=&#8221;default&#8221; global_colors_info=&#8221;{}&#8221;][et_pb_text _builder_version=&#8221;4.22.2&#8243; _module_preset=&#8221;4df92299-8a5f-4ab5-b62c-6997c7ba6869&#8243; text_font=&#8221;Aboreto||||||||&#8221; header_font=&#8221;Inter|300|||||||&#8221; header_font_size=&#8221;35px&#8221; custom_margin=&#8221;auto|auto|auto|auto|false|false&#8221; custom_margin_tablet=&#8221;-31px||||false|false&#8221; custom_margin_phone=&#8221;-31px||||false|false&#8221; custom_margin_last_edited=&#8221;on|tablet&#8221; global_colors_info=&#8221;{}&#8221;]<\/p>\n<h1>Une id\u00e9e de projet ?<\/h1>\n<p>[\/et_pb_text][\/et_pb_column][\/et_pb_row][et_pb_row column_structure=&#8221;1_2,1_2&#8243; _builder_version=&#8221;4.22.2&#8243; _module_preset=&#8221;default&#8221; max_width=&#8221;1562px&#8221; global_colors_info=&#8221;{}&#8221;][et_pb_column type=&#8221;1_2&#8243; _builder_version=&#8221;4.22.2&#8243; _module_preset=&#8221;default&#8221; global_colors_info=&#8221;{}&#8221;][et_pb_text _builder_version=&#8221;4.22.2&#8243; _module_preset=&#8221;default&#8221; global_colors_info=&#8221;{%22gcid-81367860-ebe3-4b2c-9073-7bf97634525b%22:%91%22body_link_text_color%22%93}&#8221; image_icon_custom_margin_last_edited=&#8221;on|phone&#8221; image_icon_custom_margin_tablet=&#8221;-4px||||false|false&#8221; image_icon_custom_margin_phone=&#8221;-4px||||false|false&#8221;]<\/p>\n<p>Pour toute question ou demande de tarif n&#8217;h\u00e9sitez pas \u00e0 me joindre :<\/p>\n<p>[\/et_pb_text][et_pb_blurb use_icon=&#8221;on&#8221; font_icon=&#8221;&#xe076;||divi||400&#8243; _builder_version=&#8221;4.22.2&#8243; _module_preset=&#8221;c17553b1-b89b-4861-8847-770b40695dab&#8221; body_link_text_color=&#8221;gcid-81367860-ebe3-4b2c-9073-7bf97634525b&#8221; image_icon_custom_margin=&#8221;-4px||||false|false&#8221; custom_margin=&#8221;||8px||false|false&#8221; custom_padding=&#8221;0px||5px||false|false&#8221; locked=&#8221;off&#8221; global_colors_info=&#8221;{%22gcid-81367860-ebe3-4b2c-9073-7bf97634525b%22:%91%22body_link_text_color%22%93}&#8221;]<\/p>\n<p>gfleuryphotographie@gmail.com<\/p>\n<p>[\/et_pb_blurb][et_pb_blurb use_icon=&#8221;on&#8221; font_icon=&#8221;&#xf232;||fa||400&#8243; _builder_version=&#8221;4.22.2&#8243; _module_preset=&#8221;c17553b1-b89b-4861-8847-770b40695dab&#8221; body_link_text_color=&#8221;gcid-81367860-ebe3-4b2c-9073-7bf97634525b&#8221; image_icon_custom_margin=&#8221;-4px||||false|false&#8221; custom_margin=&#8221;||8px||false|false&#8221; custom_padding=&#8221;0px||5px||false|false&#8221; locked=&#8221;off&#8221; global_colors_info=&#8221;{%22gcid-81367860-ebe3-4b2c-9073-7bf97634525b%22:%91%22body_link_text_color%22%93}&#8221;]<\/p>\n<p>+33 7 64 16 35 25 (whatsapp)<\/p>\n<p>[\/et_pb_blurb][\/et_pb_column][et_pb_column type=&#8221;1_2&#8243; _builder_version=&#8221;4.22.2&#8243; _module_preset=&#8221;default&#8221; global_colors_info=&#8221;{}&#8221;][et_pb_contact_form captcha=&#8221;off&#8221; email=&#8221;gfleuryphotographie@gmail.com&#8221; submit_button_text=&#8221;Envoyer&#8221; _builder_version=&#8221;4.22.2&#8243; _module_preset=&#8221;default&#8221; _unique_id=&#8221;54ae7f6d-fc8a-4f74-bcfc-a7cf80c4b420&#8243; custom_button=&#8221;on&#8221; button_text_size=&#8221;14px&#8221; button_text_color=&#8221;#FFFFFF&#8221; button_bg_color=&#8221;#04606b&#8221; button_border_radius=&#8221;5px&#8221; button_letter_spacing=&#8221;0px&#8221; button_on_hover=&#8221;off&#8221; width=&#8221;100%&#8221; max_width=&#8221;100%&#8221; global_colors_info=&#8221;{}&#8221;][et_pb_contact_field field_id=&#8221;Name&#8221; field_title=&#8221;Name&#8221; _builder_version=&#8221;4.16&#8243; global_colors_info=&#8221;{}&#8221; button_text_size__hover_enabled=&#8221;off&#8221; button_one_text_size__hover_enabled=&#8221;off&#8221; button_two_text_size__hover_enabled=&#8221;off&#8221; button_text_color__hover_enabled=&#8221;off&#8221; button_one_text_color__hover_enabled=&#8221;off&#8221; button_two_text_color__hover_enabled=&#8221;off&#8221; button_border_width__hover_enabled=&#8221;off&#8221; button_one_border_width__hover_enabled=&#8221;off&#8221; button_two_border_width__hover_enabled=&#8221;off&#8221; button_border_color__hover_enabled=&#8221;off&#8221; button_one_border_color__hover_enabled=&#8221;off&#8221; button_two_border_color__hover_enabled=&#8221;off&#8221; button_border_radius__hover_enabled=&#8221;off&#8221; button_one_border_radius__hover_enabled=&#8221;off&#8221; button_two_border_radius__hover_enabled=&#8221;off&#8221; button_letter_spacing__hover_enabled=&#8221;off&#8221; button_one_letter_spacing__hover_enabled=&#8221;off&#8221; button_two_letter_spacing__hover_enabled=&#8221;off&#8221; button_bg_color__hover_enabled=&#8221;off&#8221; button_one_bg_color__hover_enabled=&#8221;off&#8221; button_two_bg_color__hover_enabled=&#8221;off&#8221;][\/et_pb_contact_field][et_pb_contact_field field_id=&#8221;Email&#8221; field_title=&#8221;Email Address&#8221; field_type=&#8221;email&#8221; _builder_version=&#8221;4.16&#8243; global_colors_info=&#8221;{}&#8221; button_text_size__hover_enabled=&#8221;off&#8221; button_one_text_size__hover_enabled=&#8221;off&#8221; button_two_text_size__hover_enabled=&#8221;off&#8221; button_text_color__hover_enabled=&#8221;off&#8221; button_one_text_color__hover_enabled=&#8221;off&#8221; button_two_text_color__hover_enabled=&#8221;off&#8221; button_border_width__hover_enabled=&#8221;off&#8221; button_one_border_width__hover_enabled=&#8221;off&#8221; button_two_border_width__hover_enabled=&#8221;off&#8221; button_border_color__hover_enabled=&#8221;off&#8221; button_one_border_color__hover_enabled=&#8221;off&#8221; button_two_border_color__hover_enabled=&#8221;off&#8221; button_border_radius__hover_enabled=&#8221;off&#8221; button_one_border_radius__hover_enabled=&#8221;off&#8221; button_two_border_radius__hover_enabled=&#8221;off&#8221; button_letter_spacing__hover_enabled=&#8221;off&#8221; button_one_letter_spacing__hover_enabled=&#8221;off&#8221; button_two_letter_spacing__hover_enabled=&#8221;off&#8221; button_bg_color__hover_enabled=&#8221;off&#8221; button_one_bg_color__hover_enabled=&#8221;off&#8221; button_two_bg_color__hover_enabled=&#8221;off&#8221;][\/et_pb_contact_field][et_pb_contact_field field_id=&#8221;Message&#8221; field_title=&#8221;Message&#8221; field_type=&#8221;text&#8221; fullwidth_field=&#8221;on&#8221; _builder_version=&#8221;4.16&#8243; global_colors_info=&#8221;{}&#8221; button_text_size__hover_enabled=&#8221;off&#8221; button_one_text_size__hover_enabled=&#8221;off&#8221; button_two_text_size__hover_enabled=&#8221;off&#8221; button_text_color__hover_enabled=&#8221;off&#8221; button_one_text_color__hover_enabled=&#8221;off&#8221; button_two_text_color__hover_enabled=&#8221;off&#8221; button_border_width__hover_enabled=&#8221;off&#8221; button_one_border_width__hover_enabled=&#8221;off&#8221; button_two_border_width__hover_enabled=&#8221;off&#8221; button_border_color__hover_enabled=&#8221;off&#8221; button_one_border_color__hover_enabled=&#8221;off&#8221; button_two_border_color__hover_enabled=&#8221;off&#8221; button_border_radius__hover_enabled=&#8221;off&#8221; button_one_border_radius__hover_enabled=&#8221;off&#8221; button_two_border_radius__hover_enabled=&#8221;off&#8221; button_letter_spacing__hover_enabled=&#8221;off&#8221; button_one_letter_spacing__hover_enabled=&#8221;off&#8221; button_two_letter_spacing__hover_enabled=&#8221;off&#8221; button_bg_color__hover_enabled=&#8221;off&#8221; button_one_bg_color__hover_enabled=&#8221;off&#8221; button_two_bg_color__hover_enabled=&#8221;off&#8221;][\/et_pb_contact_field][\/et_pb_contact_form][\/et_pb_column][\/et_pb_row][\/et_pb_section]<\/p>\n","protected":false},"excerpt":{"rendered":"<p>Une id\u00e9e de projet ?Pour toute question ou demande de tarif n&#8217;h\u00e9sitez pas \u00e0 me joindre :gfleuryphotographie@gmail.com+33 7 64 16 35 25 (whatsapp)<\/p>\n","protected":false},"author":1,"featured_media":0,"parent":0,"menu_order":0,"comment_status":"closed","ping_status":"closed","template":"","meta":{"_et_pb_use_builder":"on","_et_pb_old_content":"<!-- wp:kadence\/rowlayout {\"uniqueID\":\"17_0717e2-3e\",\"tabletLayout\":\"row\",\"tabletRowGutter\":\"skinny\",\"mobileRowGutter\":\"skinny\",\"customRowGutter\":[\"\",10,10],\"columnGutter\":\"none\",\"customGutter\":[0,\"\",\"\"],\"colLayout\":\"row\",\"maxWidth\":600,\"bgColor\":\"palette9\",\"bgImg\":\"https:\/\/gfleuryphotographie.com\/wp-content\/uploads\/2023\/09\/cropped-20230317-170053-scaled-1.jpg\",\"align\":\"full\",\"textColor\":\"palette9\",\"bgColorClass\":\"theme-palette9\",\"padding\":[\"xl\",\"\",\"xxl\",\"\"],\"kbVersion\":2} -->\n<!-- wp:kadence\/column {\"borderWidth\":[\"\",\"\",\"\",\"\"],\"uniqueID\":\"17_9a352e-33\",\"borderStyle\":[{\"top\":[\"\",\"\",\"\"],\"right\":[\"\",\"\",\"\"],\"bottom\":[\"\",\"\",\"\"],\"left\":[\"\",\"\",\"\"],\"unit\":\"px\"}],\"className\":\"inner-column-1\"} -->\n<div class=\"wp-block-kadence-column kadence-column17_9a352e-33 inner-column-1\"><div class=\"kt-inside-inner-col\"><!-- wp:kadence\/advancedheading {\"uniqueID\":\"17_cc5831-4e\",\"color\":\"palette9\",\"margin\":[\"\",\"\",\"0\",\"\"],\"padding\":[\"\",\"\",\"sm\",\"\"],\"markBorder\":\"\",\"markBorderStyles\":[{\"top\":[null,\"\",\"\"],\"right\":[null,\"\",\"\"],\"bottom\":[null,\"\",\"\"],\"left\":[null,\"\",\"\"],\"unit\":\"px\"}],\"colorClass\":\"theme-palette9\",\"fontSize\":[\"lg\",\"\",\"\"],\"fontHeight\":[1.2,\"\",\"\"]} -->\n<h2 class=\"kt-adv-heading17_cc5831-4e wp-block-kadence-advancedheading has-theme-palette-9-color has-text-color\" data-kb-block=\"kb-adv-heading17_cc5831-4e\">Me contacter<\/h2>\n<!-- \/wp:kadence\/advancedheading --><\/div><\/div>\n<!-- \/wp:kadence\/column -->\n\n<!-- wp:kadence\/column {\"id\":2,\"borderWidth\":[\"\",\"\",\"\",\"\"],\"uniqueID\":\"17_ca9717-62\",\"borderStyle\":[{\"top\":[\"\",\"\",\"\"],\"right\":[\"\",\"\",\"\"],\"bottom\":[\"\",\"\",\"\"],\"left\":[\"\",\"\",\"\"],\"unit\":\"px\"}],\"className\":\"inner-column-2\"} -->\n<div class=\"wp-block-kadence-column kadence-column17_ca9717-62 inner-column-2\"><div class=\"kt-inside-inner-col\"><!-- wp:kadence\/form {\"uniqueID\":\"17_f172bf-fd\",\"postID\":\"17\",\"fields\":[{\"label\":\"Full Name\",\"showLabel\":true,\"placeholder\":\"\",\"default\":\"\",\"description\":\"\",\"rows\":4,\"options\":[{\"value\":\"\",\"label\":\"\"}],\"multiSelect\":false,\"inline\":false,\"showLink\":false,\"min\":\"\",\"max\":\"\",\"type\":\"text\",\"required\":true,\"width\":[\"100\",\"\",\"\"],\"auto\":\"\",\"errorMessage\":\"\",\"requiredMessage\":\"\",\"slug\":\"\",\"ariaLabel\":\"\"},{\"label\":\"Email\",\"showLabel\":true,\"placeholder\":\"\",\"default\":\"\",\"description\":\"\",\"rows\":4,\"options\":[{\"value\":\"\",\"label\":\"\"}],\"multiSelect\":false,\"inline\":false,\"showLink\":false,\"min\":\"\",\"max\":\"\",\"type\":\"email\",\"required\":true,\"width\":[\"100\",\"\",\"\"],\"auto\":\"\",\"errorMessage\":\"\",\"requiredMessage\":\"\",\"slug\":\"\",\"ariaLabel\":\"\"},{\"label\":\"Message\",\"showLabel\":true,\"placeholder\":\"\",\"default\":\"\",\"description\":\"\",\"rows\":4,\"options\":[{\"value\":\"\",\"label\":\"\"}],\"multiSelect\":false,\"inline\":false,\"showLink\":false,\"min\":\"\",\"max\":\"\",\"type\":\"textarea\",\"required\":true,\"width\":[\"100\",\"\",\"\"],\"auto\":\"\",\"errorMessage\":\"\",\"requiredMessage\":\"\",\"slug\":\"\",\"ariaLabel\":\"\"}],\"style\":[{\"showRequired\":true,\"size\":\"standard\",\"deskPadding\":[\"\",\"\",\"\",\"\"],\"tabletPadding\":[\"\",\"\",\"\",\"\"],\"mobilePadding\":[\"\",\"\",\"\",\"\"],\"color\":\"palette3\",\"requiredColor\":\"\",\"background\":\"palette9\",\"border\":\"palette6\",\"backgroundOpacity\":1,\"borderOpacity\":1,\"borderRadius\":\"\",\"borderWidth\":[\"\",\"\",\"\",\"\"],\"colorActive\":\"\",\"backgroundActive\":\"\",\"borderActive\":\"\",\"backgroundActiveOpacity\":1,\"borderActiveOpacity\":1,\"gradient\":[\"#999999\",1,0,100,\"linear\",180,\"center center\"],\"gradientActive\":[\"#777777\",1,0,100,\"linear\",180,\"center center\"],\"backgroundType\":\"solid\",\"backgroundActiveType\":\"solid\",\"boxShadow\":[false,\"#000000\",0.2,1,1,2,0,false],\"boxShadowActive\":[false,\"#000000\",0.4,2,2,3,0,false],\"fontSize\":[\"\",\"\",\"\"],\"fontSizeType\":\"px\",\"lineHeight\":[\"\",\"\",\"\"],\"lineType\":\"px\",\"rowGap\":\"\",\"rowGapType\":\"px\",\"gutter\":\"\",\"gutterType\":\"px\",\"tabletRowGap\":\"\",\"mobileRowGap\":\"\",\"tabletGutter\":\"\",\"mobileGutter\":\"\"}],\"labelFont\":[{\"color\":\"palette9\",\"size\":[\"\",\"\",\"\"],\"sizeType\":\"px\",\"lineHeight\":[\"\",\"\",\"\"],\"lineType\":\"px\",\"letterSpacing\":\"\",\"textTransform\":\"\",\"family\":\"\",\"google\":\"\",\"style\":\"\",\"weight\":\"\",\"variant\":\"\",\"subset\":\"\",\"loadGoogle\":true,\"padding\":[\"\",\"\",\"\",\"\"],\"margin\":[\"\",\"\",\"\",\"\"]}],\"submit\":[{\"label\":\"Send Message\",\"width\":[\"100\",\"\",\"\"],\"size\":\"standard\",\"widthType\":\"auto\",\"fixedWidth\":[\"\",\"\",\"\"],\"align\":[\"\",\"\",\"\"],\"deskPadding\":[\"\",\"\",\"\",\"\"],\"tabletPadding\":[\"\",\"\",\"\",\"\"],\"mobilePadding\":[\"\",\"\",\"\",\"\"],\"color\":\"\",\"background\":\"\",\"border\":\"\",\"backgroundOpacity\":1,\"borderOpacity\":1,\"borderRadius\":\"\",\"borderWidth\":[\"\",\"\",\"\",\"\"],\"colorHover\":\"\",\"backgroundHover\":\"\",\"borderHover\":\"\",\"backgroundHoverOpacity\":1,\"borderHoverOpacity\":1,\"icon\":\"\",\"iconSide\":\"right\",\"iconHover\":false,\"cssClass\":\"\",\"gradient\":[\"#999999\",1,0,100,\"linear\",180,\"center center\"],\"gradientHover\":[\"#777777\",1,0,100,\"linear\",180,\"center center\"],\"btnStyle\":\"basic\",\"btnSize\":\"standard\",\"backgroundType\":\"solid\",\"backgroundHoverType\":\"solid\",\"boxShadow\":[false,\"#000000\",0.2,1,1,2,0,false],\"boxShadowHover\":[false,\"#000000\",0.4,2,2,3,0,false]}]} -->\n<div class=\"wp-block-kadence-form kadence-form-17_f172bf-fd kb-form-wrap\"><form class=\"kb-form\" action=\"\" method=\"post\"><div class=\"kadence-blocks-form-field kb-field-desk-width-100 kb-input-size-standard\"><label for=\"kb_field_17_f172bf-fd_0\">Full Name<span class=\"required\">*<\/span><\/label><input name=\"kb_field_0\" id=\"kb_field_17_f172bf-fd_0\" data-label=\"Full Name\" type=\"text\" placeholder=\"\" value=\"\" data-type=\"text\" class=\"kb-field kb-text-style-field kb-text-field kb-field-0\" data-required=\"yes\"\/><\/div><div class=\"kadence-blocks-form-field kb-form-field-1 kb-field-desk-width-100 kb-input-size-standard\"><label for=\"kb_field_17_f172bf-fd_1\">Email<span class=\"required\">*<\/span><\/label><input name=\"kb_field_1\" id=\"kb_field_17_f172bf-fd_1\" data-label=\"Email\" type=\"email\" placeholder=\"\" value=\"\" data-type=\"email\" class=\"kb-field kb-text-style-field kb-email-field kb-field-1\" data-required=\"yes\"\/><\/div><div class=\"kadence-blocks-form-field kb-form-field-2 kb-field-desk-width-100 kb-input-size-standard\"><label for=\"kb_field_17_f172bf-fd_2\">Message<span class=\"required\">*<\/span><\/label><textarea name=\"kb_field_2\" id=\"kb_field_17_f172bf-fd_2\" data-label=\"Message\" type=\"textarea\" placeholder=\"\" data-type=\"textarea\" class=\"kb-field kb-text-style-field kb-textarea-field kb-field-2\" rows=\"4\" data-required=\"yes\"><\/textarea><\/div><input type=\"hidden\" name=\"_kb_form_id\" value=\"17_f172bf-fd\"\/><input type=\"hidden\" name=\"_kb_form_post_id\" value=\"17\"\/><input type=\"hidden\" name=\"action\" value=\"kb_process_ajax_submit\"\/><input class=\"kadence-blocks-field verify\" type=\"text\" name=\"_kb_verify_email\" autocomplete=\"off\" aria-hidden=\"true\" placeholder=\"Email\" tabindex=\"-1\"\/><div class=\"kadence-blocks-form-field kb-submit-field kb-field-desk-width-100\"><button class=\"kb-forms-submit button kb-button-size-standard kb-button-width-auto\">Send Message<\/button><\/div><\/form><\/div>\n<!-- \/wp:kadence\/form --><\/div><\/div>\n<!-- \/wp:kadence\/column -->\n<!-- \/wp:kadence\/rowlayout -->","_et_gb_content_width":"","footnotes":""},"class_list":["post-17","page","type-page","status-publish","hentry"],"_links":{"self":[{"href":"https:\/\/gfleuryphotographie.com\/index.php\/wp-json\/wp\/v2\/pages\/17","targetHints":{"allow":["GET"]}}],"collection":[{"href":"https:\/\/gfleuryphotographie.com\/index.php\/wp-json\/wp\/v2\/pages"}],"about":[{"href":"https:\/\/gfleuryphotographie.com\/index.php\/wp-json\/wp\/v2\/types\/page"}],"author":[{"embeddable":true,"href":"https:\/\/gfleuryphotographie.com\/index.php\/wp-json\/wp\/v2\/users\/1"}],"replies":[{"embeddable":true,"href":"https:\/\/gfleuryphotographie.com\/index.php\/wp-json\/wp\/v2\/comments?post=17"}],"version-history":[{"count":79,"href":"https:\/\/gfleuryphotographie.com\/index.php\/wp-json\/wp\/v2\/pages\/17\/revisions"}],"predecessor-version":[{"id":3274,"href":"https:\/\/gfleuryphotographie.com\/index.php\/wp-json\/wp\/v2\/pages\/17\/revisions\/3274"}],"wp:attachment":[{"href":"https:\/\/gfleuryphotographie.com\/index.php\/wp-json\/wp\/v2\/media?parent=17"}],"curies":[{"name":"wp","href":"https:\/\/api.w.org\/{rel}","templated":true}]}}