{"id":2315,"date":"2024-04-14T09:17:08","date_gmt":"2024-04-14T07:17:08","guid":{"rendered":"https:\/\/gfleuryphotographie.com\/?page_id=2315"},"modified":"2024-04-27T10:13:46","modified_gmt":"2024-04-27T08:13:46","slug":"2315-2","status":"publish","type":"page","link":"https:\/\/gfleuryphotographie.com\/index.php\/2315-2\/","title":{"rendered":"Qui suis-je ?"},"content":{"rendered":"<p>[et_pb_section fb_built=&#8221;1&#8243; custom_padding_last_edited=&#8221;on|phone&#8221; admin_label=&#8221;Header &#038; Contact Info&#8221; _builder_version=&#8221;4.22.2&#8243; _module_preset=&#8221;default&#8221; custom_padding=&#8221;50px|||||&#8221; custom_padding_tablet=&#8221;50px|||||&#8221; custom_padding_phone=&#8221;0px||||false|false&#8221; animation_style=&#8221;fade&#8221; locked=&#8221;off&#8221; collapsed=&#8221;off&#8221; global_colors_info=&#8221;{}&#8221;][et_pb_row _builder_version=&#8221;4.22.2&#8243; _module_preset=&#8221;default&#8221; max_width=&#8221;1562px&#8221; custom_margin=&#8221;auto|auto|auto|auto|false|false&#8221; custom_padding=&#8221;||1px|||&#8221; global_colors_info=&#8221;{}&#8221;][et_pb_column type=&#8221;4_4&#8243; _builder_version=&#8221;4.22.2&#8243; _module_preset=&#8221;default&#8221; global_colors_info=&#8221;{}&#8221;][et_pb_text _builder_version=&#8221;4.22.2&#8243; _module_preset=&#8221;4df92299-8a5f-4ab5-b62c-6997c7ba6869&#8243; text_font=&#8221;Aboreto||||||||&#8221; header_font=&#8221;Inter|300|||||||&#8221; header_font_size=&#8221;35px&#8221; locked=&#8221;off&#8221; global_colors_info=&#8221;{}&#8221;]<\/p>\n<h1>Qui suis-je ?\u00a0<\/h1>\n<p>[\/et_pb_text][\/et_pb_column][\/et_pb_row][et_pb_row column_structure=&#8221;1_2,1_2&#8243; _builder_version=&#8221;4.22.2&#8243; _module_preset=&#8221;default&#8221; max_width=&#8221;1562px&#8221; global_colors_info=&#8221;{}&#8221;][et_pb_column type=&#8221;1_2&#8243; _builder_version=&#8221;4.22.0&#8243; _module_preset=&#8221;default&#8221; global_colors_info=&#8221;{}&#8221;][et_pb_text _builder_version=&#8221;4.22.2&#8243; _module_preset=&#8221;default&#8221; global_colors_info=&#8221;{}&#8221; custom_margin=&#8221;|-13px||||&#8221;]<\/p>\n<p class=\"p1\" style=\"text-align: justify;\"><span class=\"s1\"><\/span><\/p>\n<p class=\"p1\" style=\"text-align: justify;\"><span class=\"s1\">Salut ! <\/span><\/p>\n<p class=\"p1\" style=\"text-align: justify;\"><span class=\"s1\">Moi c\u2019est Guillaume, je viens de la r\u00e9gion parisienne et suis install\u00e9 depuis peu \u00e0 Montr\u00e9al. <\/span><\/p>\n<p class=\"p1\" style=\"text-align: justify;\"><span class=\"s1\">Dans la vie il y a deux choses qui me font profond\u00e9ment vibrer : le travail du bois et la photographie. Si le bois me stimule au travers du contact avec la mati\u00e8re, la photographie, elle, vient me combler visuellement et surtout humainement.<\/span><\/p>\n<p class=\"p1\" style=\"text-align: justify;\"><span class=\"s1\">Pendant plus de 2 ans, alors que je descend le continent sud-am\u00e9ricain en sac \u00e0 dos, mon appareil devient mon partenaire de route et la photo mon fil directeur. Quel super pouvoir je d\u00e9couvre alors ! De nature introverti et r\u00e9serv\u00e9, mon appareil devient un moyen d&#8217;int\u00e9ragir avec le monde. Un m\u00e9diateur entre ma culture et celle d\u2019humains vivant \u00e0 des milliers de kilom\u00e8tres de chez moi. <br \/><\/span><span class=\"s1\">L\u2019image est son propre langage.<\/span><\/p>\n<p class=\"p1\"><span class=\"s1\">Au-del\u00e0 de toutes les personnes, vies et univers diff\u00e9rents que j\u2019ai pu c\u00f4toyer gr\u00e2ce \u00e0 lui, la photo me permet de vivre des experiences auxquelles je n\u2019aurais probablement pas acc\u00e8s sans elle.<\/span><span class=\"s1\"><\/span><\/p>\n<p class=\"p1\" style=\"text-align: justify;\"><span class=\"s1\">Chaque nouveau projet nourrit ma curiosit\u00e9, alimente ma soif de connaitre de nouveaux mondes et donne \u00e0 mes yeux le plaisir de saisir le beau qui en \u00e9merge.<\/span><\/p>\n<p class=\"p1\" style=\"text-align: justify;\"><span class=\"s1\">Quelque soit votre projet, j\u2019ai h\u00e2te de le d\u00e9couvrir et de chercher \u00e0 le mettre en valeur !<\/span><\/p>\n<p class=\"p2\" style=\"text-align: justify;\"><span class=\"s1\"><\/span><\/p>\n<p class=\"p1\" style=\"text-align: justify;\"><span class=\"s1\">Guillaume.<\/span><\/p>\n<p>[\/et_pb_text][\/et_pb_column][et_pb_column type=&#8221;1_2&#8243; _builder_version=&#8221;4.22.2&#8243; _module_preset=&#8221;default&#8221; global_colors_info=&#8221;{}&#8221;][et_pb_image src=&#8221;https:\/\/gfleuryphotographie.com\/wp-content\/uploads\/2023\/12\/DSC8909-Modifier-Modifier-2-scaled.jpg&#8221; title_text=&#8221;_DSC8909-Modifier-Modifier-2&#8243; align=&#8221;right&#8221; align_tablet=&#8221;center&#8221; align_phone=&#8221;center&#8221; align_last_edited=&#8221;on|phone&#8221; _builder_version=&#8221;4.22.2&#8243; _module_preset=&#8221;default&#8221; width=&#8221;79%&#8221; global_colors_info=&#8221;{}&#8221;][\/et_pb_image][\/et_pb_column][\/et_pb_row][\/et_pb_section]<\/p>\n","protected":false},"excerpt":{"rendered":"<p>Qui suis-je ?\u00a0 Salut ! Moi c\u2019est Guillaume, je viens de la r\u00e9gion parisienne et suis install\u00e9 depuis peu \u00e0 Montr\u00e9al. Dans la vie il y a deux choses qui me font profond\u00e9ment vibrer : le travail du bois et la photographie. Si le bois me stimule au travers du contact avec la mati\u00e8re, la [&hellip;]<\/p>\n","protected":false},"author":1,"featured_media":0,"parent":0,"menu_order":0,"comment_status":"closed","ping_status":"closed","template":"","meta":{"_et_pb_use_builder":"on","_et_pb_old_content":"","_et_gb_content_width":"","footnotes":""},"class_list":["post-2315","page","type-page","status-publish","hentry"],"_links":{"self":[{"href":"https:\/\/gfleuryphotographie.com\/index.php\/wp-json\/wp\/v2\/pages\/2315","targetHints":{"allow":["GET"]}}],"collection":[{"href":"https:\/\/gfleuryphotographie.com\/index.php\/wp-json\/wp\/v2\/pages"}],"about":[{"href":"https:\/\/gfleuryphotographie.com\/index.php\/wp-json\/wp\/v2\/types\/page"}],"author":[{"embeddable":true,"href":"https:\/\/gfleuryphotographie.com\/index.php\/wp-json\/wp\/v2\/users\/1"}],"replies":[{"embeddable":true,"href":"https:\/\/gfleuryphotographie.com\/index.php\/wp-json\/wp\/v2\/comments?post=2315"}],"version-history":[{"count":6,"href":"https:\/\/gfleuryphotographie.com\/index.php\/wp-json\/wp\/v2\/pages\/2315\/revisions"}],"predecessor-version":[{"id":2384,"href":"https:\/\/gfleuryphotographie.com\/index.php\/wp-json\/wp\/v2\/pages\/2315\/revisions\/2384"}],"wp:attachment":[{"href":"https:\/\/gfleuryphotographie.com\/index.php\/wp-json\/wp\/v2\/media?parent=2315"}],"curies":[{"name":"wp","href":"https:\/\/api.w.org\/{rel}","templated":true}]}}